{"id":59073,"date":"2026-04-10T11:35:54","date_gmt":"2026-04-10T09:35:54","guid":{"rendered":"https:\/\/busylizzie.se\/?page_id=59073"},"modified":"2026-04-17T08:07:17","modified_gmt":"2026-04-17T06:07:17","slug":"someting-new","status":"publish","type":"page","link":"https:\/\/busylizzie.se\/sv\/someting-new\/","title":{"rendered":"Someting New"},"content":{"rendered":"<div data-elementor-type=\"wp-page\" data-elementor-id=\"59073\" class=\"elementor elementor-59073\" data-elementor-post-type=\"page\">\n\t\t\t\t\t\t<section class=\"ob-is-breaking-bad elementor-section elementor-top-section elementor-element elementor-element-d3ce56e elementor-section-height-full elementor-section-boxed elementor-section-height-default elementor-section-items-middle\" data-id=\"d3ce56e\" data-element_type=\"section\" data-e-type=\"section\" data-settings=\"{&quot;_ob_bbad_use_it&quot;:&quot;yes&quot;,&quot;_ob_bbad_sssic_use&quot;:&quot;no&quot;,&quot;_ob_glider_is_slider&quot;:&quot;no&quot;}\">\n\t\t\t\t\t\t<div class=\"elementor-container elementor-column-gap-default\">\n\t\t\t\t\t<div class=\"elementor-column elementor-col-100 elementor-top-column elementor-element elementor-element-6468c5a\" data-id=\"6468c5a\" data-element_type=\"column\" data-e-type=\"column\" data-settings=\"{&quot;_ob_bbad_is_stalker&quot;:&quot;no&quot;,&quot;_ob_teleporter_use&quot;:false,&quot;_ob_column_hoveranimator&quot;:&quot;no&quot;,&quot;_ob_column_has_pseudo&quot;:&quot;no&quot;}\">\n\t\t\t<div class=\"elementor-widget-wrap elementor-element-populated\">\n\t\t\t\t\t\t<div class=\"elementor-element elementor-element-8d94881 ob-harakiri-inherit ob-has-background-overlay elementor-widget elementor-widget-heading\" data-id=\"8d94881\" data-element_type=\"widget\" data-e-type=\"widget\" data-settings=\"{&quot;_ob_use_harakiri&quot;:&quot;yes&quot;,&quot;_ob_harakiri_writing_mode&quot;:&quot;inherit&quot;,&quot;_ob_harakiri_text_clip&quot;:&quot;none&quot;,&quot;_ob_perspektive_use&quot;:&quot;no&quot;,&quot;_ob_poopart_use&quot;:&quot;yes&quot;,&quot;_ob_shadough_use&quot;:&quot;no&quot;,&quot;_ob_allow_hoveranimator&quot;:&quot;no&quot;,&quot;_ob_widget_stalker_use&quot;:&quot;no&quot;}\" data-widget_type=\"heading.default\">\n\t\t\t\t<div class=\"elementor-widget-container\">\n\t\t\t\t\t<h2 class=\"elementor-heading-title elementor-size-default\">N\u00e5got nytt \u00e4r p\u00e5 g\u00e5ng<\/h2>\t\t\t\t<\/div>\n\t\t\t\t<\/div>\n\t\t\t\t<div class=\"elementor-element elementor-element-a0ad66e ob-harakiri-inherit ob-has-background-overlay elementor-widget elementor-widget-text-editor\" data-id=\"a0ad66e\" data-element_type=\"widget\" data-e-type=\"widget\" data-settings=\"{&quot;_ob_use_harakiri&quot;:&quot;yes&quot;,&quot;_ob_harakiri_writing_mode&quot;:&quot;inherit&quot;,&quot;_ob_postman_use&quot;:&quot;no&quot;,&quot;_ob_perspektive_use&quot;:&quot;no&quot;,&quot;_ob_poopart_use&quot;:&quot;yes&quot;,&quot;_ob_shadough_use&quot;:&quot;no&quot;,&quot;_ob_allow_hoveranimator&quot;:&quot;no&quot;,&quot;_ob_widget_stalker_use&quot;:&quot;no&quot;}\" data-widget_type=\"text-editor.default\">\n\t\t\t\t<div class=\"elementor-widget-container\">\n\t\t\t\t\t\t\t\t\t<p data-path-to-node=\"2\" class=\"translation-block\">Mellan onsdag 15 april och s\u00f6ndag 26 april pausar vi v\u00e5r webshop f\u00f6r att skapa n\u00e5got \u00e4nnu b\u00e4ttre.<\/p><p data-path-to-node=\"3\" class=\"translation-block\"><b data-path-to-node=\"3\" data-index-in-node=\"0\">Kalik\u00e5<\/b> och <b data-path-to-node=\"3\" data-index-in-node=\"11\">by Willow<\/b> g\u00e5r nu samman och vi ser verkligen fram emot att snart f\u00e5 v\u00e4lkomna dig till v\u00e5r nya gemensamma v\u00e4rld:<br><a href=\"http:\/\/www.kalikabywillow.com\" target=\"_self\">www.kalikabywillow.com<\/a><\/p>\t\t\t\t\t\t\t\t<\/div>\n\t\t\t\t<\/div>\n\t\t\t\t<div class=\"elementor-element elementor-element-6c4e3d4 ob-harakiri-inherit ob-has-background-overlay elementor-widget elementor-widget-heading\" data-id=\"6c4e3d4\" data-element_type=\"widget\" data-e-type=\"widget\" data-settings=\"{&quot;_ob_use_harakiri&quot;:&quot;yes&quot;,&quot;_ob_harakiri_writing_mode&quot;:&quot;inherit&quot;,&quot;_ob_harakiri_text_clip&quot;:&quot;none&quot;,&quot;_ob_perspektive_use&quot;:&quot;no&quot;,&quot;_ob_poopart_use&quot;:&quot;yes&quot;,&quot;_ob_shadough_use&quot;:&quot;no&quot;,&quot;_ob_allow_hoveranimator&quot;:&quot;no&quot;,&quot;_ob_widget_stalker_use&quot;:&quot;no&quot;}\" data-widget_type=\"heading.default\">\n\t\t\t\t<div class=\"elementor-widget-container\">\n\t\t\t\t\t<h3 class=\"elementor-heading-title elementor-size-default\">Har du fr\u00e5gor under tiden?<\/h3>\t\t\t\t<\/div>\n\t\t\t\t<\/div>\n\t\t\t\t<div class=\"elementor-element elementor-element-fc9ba25 ob-harakiri-inherit ob-has-background-overlay elementor-widget elementor-widget-text-editor\" data-id=\"fc9ba25\" data-element_type=\"widget\" data-e-type=\"widget\" data-settings=\"{&quot;_ob_use_harakiri&quot;:&quot;yes&quot;,&quot;_ob_harakiri_writing_mode&quot;:&quot;inherit&quot;,&quot;_ob_postman_use&quot;:&quot;no&quot;,&quot;_ob_perspektive_use&quot;:&quot;no&quot;,&quot;_ob_poopart_use&quot;:&quot;yes&quot;,&quot;_ob_shadough_use&quot;:&quot;no&quot;,&quot;_ob_allow_hoveranimator&quot;:&quot;no&quot;,&quot;_ob_widget_stalker_use&quot;:&quot;no&quot;}\" data-widget_type=\"text-editor.default\">\n\t\t\t\t<div class=\"elementor-widget-container\">\n\t\t\t\t\t\t\t\t\t<p data-path-to-node=\"6\">Vi finns h\u00e4r f\u00f6r dig:<br \/>E-post <a href=\"mailto:info@bywillow.com\">info@bywillow.com<\/a><br \/>Telefon: <a href=\"tel:+46 (0) 16\u00a042 86 70\">+46 (0) 16\u00a042 86 70<\/a><\/p>\t\t\t\t\t\t\t\t<\/div>\n\t\t\t\t<\/div>\n\t\t\t\t\t<\/div>\n\t\t<\/div>\n\t\t\t\t\t<\/div>\n\t\t<\/section>\n\t\t\t\t<\/div>","protected":false},"excerpt":{"rendered":"<p>Something new is coming Between Wednesday, April 15 and Sunday, April 26, we are pausing our webshop to create something even better. Kalik\u00e5 and by Willow are joining forces, and we truly look forward to welcoming you to our new shared world very soon:www.kalikabywillow.com Do you have any questions in the meantime? We are here [&hellip;]<\/p>\n","protected":false},"author":1,"featured_media":0,"parent":0,"menu_order":0,"comment_status":"closed","ping_status":"closed","template":"views\/template-maintenance.blade.php","meta":{"_acf_changed":false,"footnotes":""},"class_list":["post-59073","page","type-page","status-publish","hentry"],"acf":[],"_links":{"self":[{"href":"https:\/\/busylizzie.se\/sv\/wp-json\/wp\/v2\/pages\/59073","targetHints":{"allow":["GET"]}}],"collection":[{"href":"https:\/\/busylizzie.se\/sv\/wp-json\/wp\/v2\/pages"}],"about":[{"href":"https:\/\/busylizzie.se\/sv\/wp-json\/wp\/v2\/types\/page"}],"author":[{"embeddable":true,"href":"https:\/\/busylizzie.se\/sv\/wp-json\/wp\/v2\/users\/1"}],"replies":[{"embeddable":true,"href":"https:\/\/busylizzie.se\/sv\/wp-json\/wp\/v2\/comments?post=59073"}],"version-history":[{"count":7,"href":"https:\/\/busylizzie.se\/sv\/wp-json\/wp\/v2\/pages\/59073\/revisions"}],"predecessor-version":[{"id":59093,"href":"https:\/\/busylizzie.se\/sv\/wp-json\/wp\/v2\/pages\/59073\/revisions\/59093"}],"wp:attachment":[{"href":"https:\/\/busylizzie.se\/sv\/wp-json\/wp\/v2\/media?parent=59073"}],"curies":[{"name":"wp","href":"https:\/\/api.w.org\/{rel}","templated":true}]}}